{"id":2,"date":"2014-02-21T10:29:13","date_gmt":"2014-02-21T10:29:13","guid":{"rendered":"http:\/\/localhost\/wordpress-3.8\/wordpress\/?page_id=2"},"modified":"2018-11-06T12:45:53","modified_gmt":"2018-11-06T12:45:53","slug":"sample-page","status":"publish","type":"page","link":"https:\/\/www.jancarek.cz\/?page_id=2","title":{"rendered":"Pedagogick\u00e1 \u010dinnost"},"content":{"rendered":"<p>Petr Jan\u010d\u00e1rek, dokumentarista a pedagog \u00dastavu fyziky Filozoficko-p\u0159\u00edrodov\u011bdeck\u00e9 fakulty (FPF), kde vyu\u010duje poslucha\u010de oboru Multimedi\u00e1ln\u00ed techniky.<\/p>\n\n\n<figure class=\"wp-block-video\"><video height=\"720\" style=\"aspect-ratio: 1280 \/ 720;\" width=\"1280\" controls src=\"https:\/\/www.jancarek.cz\/wp-content\/uploads\/2014\/09\/Portret.mp4\"><\/video><\/figure>\n","protected":false},"excerpt":{"rendered":"<p>Petr Jan\u010d\u00e1rek, dokumentarista a pedagog \u00dastavu fyziky Filozoficko-p\u0159\u00edrodov\u011bdeck\u00e9 fakulty (FPF), kde vyu\u010duje poslucha\u010de oboru Multimedi\u00e1ln\u00ed techniky.<\/p>\n","protected":false},"author":1,"featured_media":0,"parent":0,"menu_order":2,"comment_status":"closed","ping_status":"closed","template":"","meta":{"footnotes":""},"class_list":["post-2","page","type-page","status-publish","hentry"],"_links":{"self":[{"href":"https:\/\/www.jancarek.cz\/index.php?rest_route=\/wp\/v2\/pages\/2","targetHints":{"allow":["GET"]}}],"collection":[{"href":"https:\/\/www.jancarek.cz\/index.php?rest_route=\/wp\/v2\/pages"}],"about":[{"href":"https:\/\/www.jancarek.cz\/index.php?rest_route=\/wp\/v2\/types\/page"}],"author":[{"embeddable":true,"href":"https:\/\/www.jancarek.cz\/index.php?rest_route=\/wp\/v2\/users\/1"}],"replies":[{"embeddable":true,"href":"https:\/\/www.jancarek.cz\/index.php?rest_route=%2Fwp%2Fv2%2Fcomments&post=2"}],"version-history":[{"count":25,"href":"https:\/\/www.jancarek.cz\/index.php?rest_route=\/wp\/v2\/pages\/2\/revisions"}],"predecessor-version":[{"id":432,"href":"https:\/\/www.jancarek.cz\/index.php?rest_route=\/wp\/v2\/pages\/2\/revisions\/432"}],"wp:attachment":[{"href":"https:\/\/www.jancarek.cz\/index.php?rest_route=%2Fwp%2Fv2%2Fmedia&parent=2"}],"curies":[{"name":"wp","href":"https:\/\/api.w.org\/{rel}","templated":true}]}}