{"id":207,"date":"2014-07-07T09:39:55","date_gmt":"2014-07-07T09:39:55","guid":{"rendered":"http:\/\/www.jancarek.cz\/?page_id=207"},"modified":"2018-11-06T12:50:09","modified_gmt":"2018-11-06T12:50:09","slug":"kontakt","status":"publish","type":"page","link":"https:\/\/www.jancarek.cz\/?page_id=207","title":{"rendered":"Kontakt"},"content":{"rendered":"<p>Pokud byste se mnou cht\u011bli nav\u00e1zat kontakt, napi\u0161te mi, pros\u00edm na jednu z n\u00e1sleduj\u00edc\u00edch adres:<\/p>\n<p><strong>petr.jancarek@volny.cz<\/strong><\/p>\n<p><strong>petr.jancarek@tadyhavel.cz<\/strong><\/p>\n<p>Jsem k nalezen\u00ed tak\u00e9 na <a href=\"https:\/\/www.facebook.com\/petr.jancarek\">Facebooku<\/a>, LinkedInu a Twitteru, ale mail je jistota.<\/p>\n<p>Nepat\u0159\u00edm toti\u017e k otrok\u016fm soci\u00e1ln\u00edch s\u00edt\u00ed.<\/p>\n<p><strong>\u00a0<\/strong><\/p>\n\n\n<figure class=\"wp-block-embed-facebook wp-block-embed\"><div class=\"wp-block-embed__wrapper\">\nhttps:\/\/www.facebook.com\/petr.jancarek\n<\/div><\/figure>\n","protected":false},"excerpt":{"rendered":"<p>Pokud byste se mnou cht\u011bli nav\u00e1zat kontakt, napi\u0161te mi, pros\u00edm na jednu z n\u00e1sleduj\u00edc\u00edch adres: petr.jancarek@volny.cz petr.jancarek@tadyhavel.cz Jsem k nalezen\u00ed tak\u00e9 na Facebooku, LinkedInu a Twitteru, ale mail je jistota.<a href=\"https:\/\/www.jancarek.cz\/?page_id=207\" class=\"more-link\"><span class=\"more-button\">Pokra\u010dujte&#8230;<span class=\"screen-reader-text\">Kontakt<\/span><\/span><\/a><\/p>\n","protected":false},"author":1,"featured_media":0,"parent":0,"menu_order":0,"comment_status":"closed","ping_status":"open","template":"","meta":{"footnotes":""},"class_list":["post-207","page","type-page","status-publish","hentry"],"_links":{"self":[{"href":"https:\/\/www.jancarek.cz\/index.php?rest_route=\/wp\/v2\/pages\/207","targetHints":{"allow":["GET"]}}],"collection":[{"href":"https:\/\/www.jancarek.cz\/index.php?rest_route=\/wp\/v2\/pages"}],"about":[{"href":"https:\/\/www.jancarek.cz\/index.php?rest_route=\/wp\/v2\/types\/page"}],"author":[{"embeddable":true,"href":"https:\/\/www.jancarek.cz\/index.php?rest_route=\/wp\/v2\/users\/1"}],"replies":[{"embeddable":true,"href":"https:\/\/www.jancarek.cz\/index.php?rest_route=%2Fwp%2Fv2%2Fcomments&post=207"}],"version-history":[{"count":7,"href":"https:\/\/www.jancarek.cz\/index.php?rest_route=\/wp\/v2\/pages\/207\/revisions"}],"predecessor-version":[{"id":437,"href":"https:\/\/www.jancarek.cz\/index.php?rest_route=\/wp\/v2\/pages\/207\/revisions\/437"}],"wp:attachment":[{"href":"https:\/\/www.jancarek.cz\/index.php?rest_route=%2Fwp%2Fv2%2Fmedia&parent=207"}],"curies":[{"name":"wp","href":"https:\/\/api.w.org\/{rel}","templated":true}]}}