{"id":404,"date":"2018-11-06T12:09:08","date_gmt":"2018-11-06T12:09:08","guid":{"rendered":"http:\/\/www.jancarek.cz\/?page_id=404"},"modified":"2018-11-06T12:18:19","modified_gmt":"2018-11-06T12:18:19","slug":"tady%e2%99%a1havel","status":"publish","type":"page","link":"https:\/\/www.jancarek.cz\/?page_id=404","title":{"rendered":"Tady\u2661Havel"},"content":{"rendered":"\n<p>Fotografie z nato\u010den\u00e9ho \u010dasosb\u011brn\u00e9ho materi\u00e1lu<\/p>\n\n\n\n<figure class=\"wp-block-video\"><video height=\"720\" style=\"aspect-ratio: 1280 \/ 720;\" width=\"1280\" controls src=\"https:\/\/www.jancarek.cz\/wp-content\/uploads\/2014\/09\/Foto.mp4\"><\/video><\/figure>\n","protected":false},"excerpt":{"rendered":"<p>Fotografie z nato\u010den\u00e9ho \u010dasosb\u011brn\u00e9ho materi\u00e1lu<\/p>\n","protected":false},"author":2,"featured_media":0,"parent":0,"menu_order":0,"comment_status":"closed","ping_status":"closed","template":"","meta":{"footnotes":""},"class_list":["post-404","page","type-page","status-publish","hentry"],"_links":{"self":[{"href":"https:\/\/www.jancarek.cz\/index.php?rest_route=\/wp\/v2\/pages\/404","targetHints":{"allow":["GET"]}}],"collection":[{"href":"https:\/\/www.jancarek.cz\/index.php?rest_route=\/wp\/v2\/pages"}],"about":[{"href":"https:\/\/www.jancarek.cz\/index.php?rest_route=\/wp\/v2\/types\/page"}],"author":[{"embeddable":true,"href":"https:\/\/www.jancarek.cz\/index.php?rest_route=\/wp\/v2\/users\/2"}],"replies":[{"embeddable":true,"href":"https:\/\/www.jancarek.cz\/index.php?rest_route=%2Fwp%2Fv2%2Fcomments&post=404"}],"version-history":[{"count":6,"href":"https:\/\/www.jancarek.cz\/index.php?rest_route=\/wp\/v2\/pages\/404\/revisions"}],"predecessor-version":[{"id":415,"href":"https:\/\/www.jancarek.cz\/index.php?rest_route=\/wp\/v2\/pages\/404\/revisions\/415"}],"wp:attachment":[{"href":"https:\/\/www.jancarek.cz\/index.php?rest_route=%2Fwp%2Fv2%2Fmedia&parent=404"}],"curies":[{"name":"wp","href":"https:\/\/api.w.org\/{rel}","templated":true}]}}